{"id":479,"date":"2023-05-24T09:33:09","date_gmt":"2023-05-24T02:33:09","guid":{"rendered":"https:\/\/meta.lammenu.com\/?page_id=479"},"modified":"2023-06-26T15:07:24","modified_gmt":"2023-06-26T08:07:24","slug":"lien-he","status":"publish","type":"page","link":"https:\/\/metapro.com.vn\/?page_id=479&lang=vi","title":{"rendered":"Li\u00ean h\u1ec7"},"content":{"rendered":"\n  <div class=\"banner has-hover\" id=\"banner-863826084\">\n          <div class=\"banner-inner fill\">\n        <div class=\"banner-bg fill\" >\n            <div class=\"bg fill bg-fill \"><\/div>\n                                    \n                    <\/div>\n\t\t\n        <div class=\"banner-layers container\">\n            <div class=\"fill banner-link\"><\/div>            \n   <div id=\"text-box-1248944906\" class=\"text-box banner-layer x50 md-x50 lg-x50 y60 md-y60 lg-y60 res-text\">\n                                <div class=\"text-box-content text dark\">\n              \n              <div class=\"text-inner text-center\">\n                  \n<h2 class=\"uppercase\">Li\u00ean h\u1ec7 v\u1edbi ch\u00fang t\u00f4i<\/h2>\n              <\/div>\n           <\/div>\n                            \n<style>\n#text-box-1248944906 {\n  width: 60%;\n}\n#text-box-1248944906 .text-box-content {\n  font-size: 100%;\n}\n<\/style>\n    <\/div>\n \n        <\/div>\n      <\/div>\n\n            \n<style>\n#banner-863826084 {\n  padding-top: 300px;\n}\n#banner-863826084 .bg.bg-loaded {\n  background-image: url(https:\/\/metapro.com.vn\/wp-content\/uploads\/2023\/05\/contacts-hero-1024x216.jpg);\n}\n#banner-863826084 .ux-shape-divider--top svg {\n  height: 150px;\n  --divider-top-width: 100%;\n}\n#banner-863826084 .ux-shape-divider--bottom svg {\n  height: 150px;\n  --divider-width: 100%;\n}\n<\/style>\n  <\/div>\n\n\n\t<section class=\"section contactus\" id=\"section_538576264\">\n\t\t<div class=\"bg section-bg fill bg-fill  bg-loaded\" >\n\n\t\t\t\n\t\t\t\n\t\t\t\n\n\t\t<\/div>\n\n\t\t\n\n\t\t<div class=\"section-content relative\">\n\t\t\t\n<div class=\"row row-small align-equal info\"  id=\"row-1089163024\">\n\n\t<div id=\"col-778938223\" class=\"col medium-6 small-12 large-6\"  >\n\t\t\t\t<div class=\"col-inner\"  >\n\t\t\t\n\t\t\t\n\n\t\t<div class=\"icon-box featured-box icon-box-left text-left\"  >\n\t\t\t\t\t<div class=\"icon-box-img\" style=\"width: 23px\">\n\t\t\t\t<div class=\"icon\">\n\t\t\t\t\t<div class=\"icon-inner\" >\n\t\t\t\t\t\t<?xml version=\"1.0\" encoding=\"UTF-8\"?>\n<svg xmlns:xlink=\"http:\/\/www.w3.org\/1999\/xlink\" xmlns=\"http:\/\/www.w3.org\/2000\/svg\" width=\"24\" height=\"34\" viewBox=\"0 0 24 34.133\">\n  <defs><\/defs>\n  <rect class=\"a\" width=\"24\" height=\"34.133\" fill-opacity=\"0\" fill=\"#000000\"><\/rect>\n  <rect class=\"a\" width=\"24\" height=\"34.133\" fill-opacity=\"0\" fill=\"#000000\"><\/rect>\n  <rect class=\"a\" width=\"24\" height=\"34.133\" fill-opacity=\"0\" fill=\"#000000\"><\/rect>\n  <rect class=\"a\" width=\"24\" height=\"34.133\" fill-opacity=\"0\" fill=\"#000000\"><\/rect>\n  <path class=\"b\" d=\"M12,0A12,12,0,0,0,1.791,18.31l9.526,15.35a1,1,0,0,0,.85.473h.008a1,1,0,0,0,.85-.486l9.283-15.5A12,12,0,0,0,12,0Zm8.591,17.121-8.44,14.091L3.491,17.256a10.007,10.007,0,1,1,17.1-.135Z\" fill=\"#242B44\"><\/path>\n  <rect class=\"a\" width=\"12\" height=\"12\" transform=\"translate(6 6)\" fill-opacity=\"0\" fill=\"#000000\"><\/rect>\n  <rect class=\"a\" width=\"12\" height=\"12\" transform=\"translate(6 6)\" fill-opacity=\"0\" fill=\"#000000\"><\/rect>\n  <path class=\"b\" d=\"M17.25,11.25a6,6,0,1,0,6,6A6.007,6.007,0,0,0,17.25,11.25Zm0,10.013a4.013,4.013,0,1,1,4.007-4.013A4.016,4.016,0,0,1,17.25,21.263Z\" transform=\"translate(-5.25 -5.25)\" fill=\"#242B44\"><\/path>\n<\/svg>\n\t\t\t\t\t<\/div>\n\t\t\t\t<\/div>\n\t\t\t<\/div>\n\t\t\t\t<div class=\"icon-box-text last-reset\">\n\t\t\t\t\t\t\t\t\t\n<p>T\u1ea7ng 7<br \/>Catbi Plaza<br \/>L\u00ea H\u1ed3ng Phong, H\u1ea3i Ph\u00f2ng<\/p>\n\t\t<\/div>\n\t<\/div>\n\t\n\t\n\t\t<\/div>\n\t\t\t\t\t<\/div>\n\n\t\n\n\t<div id=\"col-548836781\" class=\"col medium-6 small-12 large-6\"  >\n\t\t\t\t<div class=\"col-inner\"  >\n\t\t\t\n\t\t\t\n\n\t\t<div class=\"icon-box featured-box icon-box-left text-left\"  >\n\t\t\t\t\t<div class=\"icon-box-img\" style=\"width: 23px\">\n\t\t\t\t<div class=\"icon\">\n\t\t\t\t\t<div class=\"icon-inner\" >\n\t\t\t\t\t\t<?xml version=\"1.0\" encoding=\"UTF-8\"?>\n<svg xmlns:xlink=\"http:\/\/www.w3.org\/1999\/xlink\" xmlns=\"http:\/\/www.w3.org\/2000\/svg\" width=\"24\" height=\"24\" viewBox=\"0 0 24 24.072\">\n  <defs><\/defs>\n  <rect class=\"a\" width=\"24\" height=\"24.072\" fill-opacity=\"0\" fill=\"#000000\"><\/rect>\n  <rect class=\"a\" width=\"24\" height=\"24.072\" fill-opacity=\"0\" fill=\"#000000\"><\/rect>\n  <path class=\"b\" d=\"M20.2,14.35a2.518,2.518,0,0,0-1.825-.836,2.6,2.6,0,0,0-1.847.83l-1.375,1.368a.643.643,0,0,1-.748.115c-.194-.1-.378-.189-.535-.286A18.538,18.538,0,0,1,9.43,11.5c-.215-.272-.408-.53-.582-.779A2.167,2.167,0,0,1,9.225,7.97c.151-.151.3-.307.454-.458a2.472,2.472,0,0,0,0-3.732L8.2,2.308c-.167-.167-.34-.34-.5-.512-.324-.334-.664-.679-1.015-1A2.558,2.558,0,0,0,4.877,0,2.647,2.647,0,0,0,3.041.793L3.03.8,1.194,2.653A3.943,3.943,0,0,0,.022,5.161a9.441,9.441,0,0,0,.691,4,23.212,23.212,0,0,0,4.131,6.881,25.409,25.409,0,0,0,8.462,6.617,13.2,13.2,0,0,0,4.752,1.4c.113.005.232.011.34.011a4.071,4.071,0,0,0,3.1-1.323c.009-.009.016-.02.025-.029s.013-.016.019-.024a12.448,12.448,0,0,1,.935-.964c.232-.221.47-.453.7-.7A2.688,2.688,0,0,0,24,19.171a2.59,2.59,0,0,0-.832-1.85Zm1.94,5.671-.007.007c-.211.226-.427.431-.659.658a14.2,14.2,0,0,0-1.042,1.078,2.605,2.605,0,0,1-2.031.857c-.081,0-.167,0-.248-.005a11.726,11.726,0,0,1-4.212-1.262,23.984,23.984,0,0,1-7.971-6.234A21.886,21.886,0,0,1,2.085,8.655a7.69,7.69,0,0,1-.6-3.376,2.474,2.474,0,0,1,.745-1.6L4.067,1.839a1.228,1.228,0,0,1,.821-.383,1.156,1.156,0,0,1,.788.377l.016.016c.329.307.643.626.972.965.167.173.34.345.513.523L8.652,4.81a1.028,1.028,0,0,1,0,1.672c-.157.156-.308.313-.464.464-.454.464-.886.9-1.355,1.316l-.054.055a1.1,1.1,0,0,0-.254,1.2l.016.049A11.818,11.818,0,0,0,8.285,12.4l.005.005a19.811,19.811,0,0,0,4.8,4.357,7.38,7.38,0,0,0,.664.361c.194.1.378.189.535.286.022.011.043.027.065.038a1.172,1.172,0,0,0,.535.135,1.155,1.155,0,0,0,.821-.372l1.847-1.844a1.222,1.222,0,0,1,.815-.4,1.1,1.1,0,0,1,.778.394l.011.011,2.976,2.971A1.063,1.063,0,0,1,22.144,20.021Z\" transform=\"translate(0 0)\" fill=\"#242B44\"><\/path>\n<\/svg>\n\t\t\t\t\t<\/div>\n\t\t\t\t<\/div>\n\t\t\t<\/div>\n\t\t\t\t<div class=\"icon-box-text last-reset\">\n\t\t\t\t\t\t\t\t\t\n<p>+84 98 696 6061<br \/>+84 936 689 682<\/p>\n\t\t<\/div>\n\t<\/div>\n\t\n\t\n\n\t\t<div class=\"icon-box featured-box icon-box-left text-left\"  >\n\t\t\t\t\t<div class=\"icon-box-img\" style=\"width: 23px\">\n\t\t\t\t<div class=\"icon\">\n\t\t\t\t\t<div class=\"icon-inner\" >\n\t\t\t\t\t\t<?xml version=\"1.0\" encoding=\"UTF-8\"?>\n<svg xmlns:xlink=\"http:\/\/www.w3.org\/1999\/xlink\" xmlns=\"http:\/\/www.w3.org\/2000\/svg\" width=\"24\" height=\"18\" viewBox=\"0 0 24 18.265\">\n  <defs><\/defs>\n  <rect class=\"a\" width=\"24\" height=\"18.264\" fill-opacity=\"0\" fill=\"#000000\"><\/rect>\n  <rect class=\"a\" width=\"24\" height=\"18.264\" fill-opacity=\"0\" fill=\"#000000\"><\/rect>\n  <rect class=\"a\" width=\"24\" height=\"18.264\" fill-opacity=\"0\" fill=\"#000000\"><\/rect>\n  <rect class=\"a\" width=\"24\" height=\"18.264\" fill-opacity=\"0\" fill=\"#000000\"><\/rect>\n  <path class=\"b\" d=\"M21.07,0H2.935A2.937,2.937,0,0,0,0,2.935V15.33a2.937,2.937,0,0,0,2.935,2.935h18.13A2.937,2.937,0,0,0,24,15.33V2.94A2.934,2.934,0,0,0,21.07,0Zm1.594,15.33a1.6,1.6,0,0,1-1.594,1.594H2.935A1.6,1.6,0,0,1,1.341,15.33V2.94A1.6,1.6,0,0,1,2.935,1.346h18.13A1.6,1.6,0,0,1,22.659,2.94V15.33Z\" fill=\"#242B44\"><\/path>\n  <path class=\"b\" d=\"M19.75,13.212l5.87-5.264a.672.672,0,0,0-.9-1l-8.094,7.265L15.048,12.8s-.01-.01-.01-.015a.993.993,0,0,0-.109-.094L8.5,6.945a.672.672,0,1,0-.894,1l5.939,5.308L7.634,18.793a.673.673,0,0,0-.03.948.686.686,0,0,0,.492.214.672.672,0,0,0,.457-.179l6-5.616,1.629,1.455a.669.669,0,0,0,.894,0l1.674-1.5,5.969,5.671a.672.672,0,0,0,.948-.025.673.673,0,0,0-.025-.948Z\" transform=\"translate(-4.614 -4.233)\" fill=\"#242B44\"><\/path>\n<\/svg>\n\t\t\t\t\t<\/div>\n\t\t\t\t<\/div>\n\t\t\t<\/div>\n\t\t\t\t<div class=\"icon-box-text last-reset\">\n\t\t\t\t\t\t\t\t\t\n<p>quanpd@metapro-vn.com<\/p>\n\t\t<\/div>\n\t<\/div>\n\t\n\t\n\t\t<\/div>\n\t\t\t\t\t<\/div>\n\n\t\n<\/div>\n<div class=\"row align-center\"  id=\"row-1927312679\">\n\n\t<div id=\"col-80647772\" class=\"col medium-10 small-12 large-10\"  >\n\t\t\t\t<div class=\"col-inner\"  >\n\t\t\t\n\t\t\t\n\t<div id=\"gap-1349170997\" class=\"gap-element clearfix\" style=\"display:block; height:auto;\">\n\t\t\n<style>\n#gap-1349170997 {\n  padding-top: 50px;\n}\n<\/style>\n\t<\/div>\n\t\n\n<div class=\"wpcf7 no-js\" id=\"wpcf7-f478-o1\" lang=\"vi\" dir=\"ltr\">\n<div class=\"screen-reader-response\"><p role=\"status\" aria-live=\"polite\" aria-atomic=\"true\"><\/p> <ul><\/ul><\/div>\n<form action=\"\/index.php?rest_route=%2Fwp%2Fv2%2Fpages%2F479#wpcf7-f478-o1\" method=\"post\" class=\"wpcf7-form init\" aria-label=\"Form li\u00ean h\u1ec7\" novalidate=\"novalidate\" data-status=\"init\">\n<div style=\"display: none;\">\n<input type=\"hidden\" name=\"_wpcf7\" value=\"478\" \/>\n<input type=\"hidden\" name=\"_wpcf7_version\" value=\"5.7.6\" \/>\n<input type=\"hidden\" name=\"_wpcf7_locale\" value=\"vi\" \/>\n<input type=\"hidden\" name=\"_wpcf7_unit_tag\" value=\"wpcf7-f478-o1\" \/>\n<input type=\"hidden\" name=\"_wpcf7_container_post\" value=\"0\" \/>\n<input type=\"hidden\" name=\"_wpcf7_posted_data_hash\" value=\"\" \/>\n<\/div>\n<p><span class=\"wpcf7-form-control-wrap\" data-name=\"text-444\"><input size=\"40\" class=\"wpcf7-form-control wpcf7-text\" aria-invalid=\"false\" placeholder=\"H\u1ecd &amp; t\u00ean\" value=\"\" type=\"text\" name=\"text-444\" \/><\/span>\n<\/p>\n<p><span class=\"wpcf7-form-control-wrap\" data-name=\"email-974\"><input size=\"40\" class=\"wpcf7-form-control wpcf7-text wpcf7-email wpcf7-validates-as-email\" aria-invalid=\"false\" placeholder=\"Email\" value=\"\" type=\"email\" name=\"email-974\" \/><\/span>\n<\/p>\n<p><span class=\"wpcf7-form-control-wrap\" data-name=\"tel-200\"><input size=\"40\" class=\"wpcf7-form-control wpcf7-text wpcf7-tel wpcf7-validates-as-required wpcf7-validates-as-tel\" aria-required=\"true\" aria-invalid=\"false\" placeholder=\"S\u1ed1 \u0111i\u1ec7n tho\u1ea1i\" value=\"\" type=\"tel\" name=\"tel-200\" \/><\/span>\n<\/p>\n<p><span class=\"wpcf7-form-control-wrap\" data-name=\"text-445\"><input size=\"40\" class=\"wpcf7-form-control wpcf7-text\" aria-invalid=\"false\" placeholder=\"T\u00ean c\u00f4ng ty\/doanh nghi\u1ec7p\" value=\"\" type=\"text\" name=\"text-445\" \/><\/span>\n<\/p>\n<p><span class=\"wpcf7-form-control-wrap\" data-name=\"textarea-677\"><textarea cols=\"40\" rows=\"10\" class=\"wpcf7-form-control wpcf7-textarea\" aria-invalid=\"false\" placeholder=\"L\u1eddi nh\u1eafn\" name=\"textarea-677\"><\/textarea><\/span>\n<\/p>\n<p><span class=\"wpcf7-form-control-wrap\" data-name=\"acceptance-796\"><span class=\"wpcf7-form-control wpcf7-acceptance\"><span class=\"wpcf7-list-item\"><label><input type=\"checkbox\" name=\"acceptance-796\" value=\"1\" aria-invalid=\"false\" \/><span class=\"wpcf7-list-item-label\">* T\u00f4i \u0111\u00e3 \u0111\u1ecdc v\u00e0 ch\u1ea5p nh\u1eadn  <a href=\"\/vi\/chinh-sach-bao-mat\/\">Ch\u00ednh s\u00e1ch b\u1ea3o m\u1eadt<\/a><\/span><\/label><\/span><\/span><\/span>\n<\/p>\n<p><input class=\"wpcf7-form-control has-spinner wpcf7-submit\" type=\"submit\" value=\"G\u1eedi\" \/>\n<\/p><div class=\"wpcf7-response-output\" aria-hidden=\"true\"><\/div>\n<\/form>\n<\/div>\n\n\t\t<\/div>\n\t\t\t\t\t<\/div>\n\n\t\n<\/div>\n\t\t<\/div>\n\n\t\t\n<style>\n#section_538576264 {\n  padding-top: 30px;\n  padding-bottom: 30px;\n}\n#section_538576264 .ux-shape-divider--top svg {\n  height: 150px;\n  --divider-top-width: 100%;\n}\n#section_538576264 .ux-shape-divider--bottom svg {\n  height: 150px;\n  --divider-width: 100%;\n}\n<\/style>\n\t<\/section>\n\t\n\t<section class=\"section contactform\" id=\"section_2059746394\">\n\t\t<div class=\"bg section-bg fill bg-fill  bg-loaded\" >\n\n\t\t\t\n\t\t\t\n\t\t\t\n\n\t\t<\/div>\n\n\t\t\n\n\t\t<div class=\"section-content relative\">\n\t\t\t\n<div class=\"row map\"  id=\"row-1226117373\">\n\n\t<div id=\"col-489850418\" class=\"col small-12 large-12\"  >\n\t\t\t\t<div class=\"col-inner\"  >\n\t\t\t\n\t\t\t\n<p style=\"margin: auto;\"><iframe loading=\"lazy\" style=\"border: 0;\" src=\"https:\/\/www.google.com\/maps\/embed?pb=!1m18!1m12!1m3!1d3728.2886247436854!2d106.69468022593726!3d20.860413693538092!2m3!1f0!2f0!3f0!3m2!1i1024!2i768!4f13.1!3m3!1m2!1s0x314a7aea2d6a1945%3A0x531f776c00ef1003!2sCatbi%20Plaza!5e0!3m2!1svi!2s!4v1684127514294!5m2!1svi!2s\" width=\"100%\" height=\"450\" allowfullscreen=\"allowfullscreen\"><\/iframe><\/p>\n\t\t<\/div>\n\t\t\t\t\t<\/div>\n\n\t\n<\/div>\n\t\t<\/div>\n\n\t\t\n<style>\n#section_2059746394 {\n  padding-top: 30px;\n  padding-bottom: 30px;\n}\n#section_2059746394 .ux-shape-divider--top svg {\n  height: 150px;\n  --divider-top-width: 100%;\n}\n#section_2059746394 .ux-shape-divider--bottom svg {\n  height: 150px;\n  --divider-width: 100%;\n}\n<\/style>\n\t<\/section>\n\t\n","protected":false},"excerpt":{"rendered":"","protected":false},"author":1,"featured_media":0,"parent":0,"menu_order":0,"comment_status":"closed","ping_status":"closed","template":"","meta":{"inline_featured_image":false,"footnotes":""},"class_list":["post-479","page","type-page","status-publish","hentry"],"_links":{"self":[{"href":"https:\/\/metapro.com.vn\/index.php?rest_route=\/wp\/v2\/pages\/479","targetHints":{"allow":["GET"]}}],"collection":[{"href":"https:\/\/metapro.com.vn\/index.php?rest_route=\/wp\/v2\/pages"}],"about":[{"href":"https:\/\/metapro.com.vn\/index.php?rest_route=\/wp\/v2\/types\/page"}],"author":[{"embeddable":true,"href":"https:\/\/metapro.com.vn\/index.php?rest_route=\/wp\/v2\/users\/1"}],"replies":[{"embeddable":true,"href":"https:\/\/metapro.com.vn\/index.php?rest_route=%2Fwp%2Fv2%2Fcomments&post=479"}],"version-history":[{"count":3,"href":"https:\/\/metapro.com.vn\/index.php?rest_route=\/wp\/v2\/pages\/479\/revisions"}],"predecessor-version":[{"id":923,"href":"https:\/\/metapro.com.vn\/index.php?rest_route=\/wp\/v2\/pages\/479\/revisions\/923"}],"wp:attachment":[{"href":"https:\/\/metapro.com.vn\/index.php?rest_route=%2Fwp%2Fv2%2Fmedia&parent=479"}],"curies":[{"name":"wp","href":"https:\/\/api.w.org\/{rel}","templated":true}]}}