{"id":879,"date":"2023-06-26T10:55:23","date_gmt":"2023-06-26T03:55:23","guid":{"rendered":"http:\/\/metapro.com.vn\/?post_type=product&#038;p=879"},"modified":"2023-07-09T22:05:04","modified_gmt":"2023-07-09T15:05:04","slug":"thep-sillic-tu-tinh-co-dinh-huong","status":"publish","type":"product","link":"https:\/\/metapro.com.vn\/?product=thep-sillic-tu-tinh-co-dinh-huong&lang=vi","title":{"rendered":"Th\u00e9p sillic t\u1eeb t\u00ednh c\u00f3 \u0111\u1ecbnh h\u01b0\u1edbng"},"content":{"rendered":"<h2 class=\"proinfo-title t-text-2 t-title-6 mb-20\">Th\u00f4ng tin s\u1ea3n ph\u1ea9m<\/h2>\n<table style=\"border-collapse: collapse; width: 100%; height: 125px;\">\n<tbody>\n<tr style=\"height: 21px;\">\n<td style=\"width: 50%; height: 20px;\">Ngu\u1ed3n g\u1ed1c:<\/td>\n<td style=\"width: 50%; height: 20px;\">Vi\u1ec7t Nam, Nh\u1eadt B\u1ea3n, Trung Qu\u1ed1c, H\u00e0n Qu\u1ed1c&#8230;<\/td>\n<\/tr>\n<tr style=\"height: 21px;\">\n<td style=\"width: 50%; height: 21px;\">Nguy\u00ean li\u1ec7u:<\/td>\n<td style=\"width: 50%; height: 21px;\">B20B070, B23R075, 20SQGD070, 23SQGD075, 23JGSD085, 27QG120, M4, M5&#8230;<\/td>\n<\/tr>\n<tr style=\"height: 21px;\">\n<td style=\"width: 50%; height: 21px;\">Kh\u1ed5 r\u1ed9ng:<\/td>\n<td style=\"width: 50%; height: 21px;\">T\u1ed1i \u0111a 1250mm<\/td>\n<\/tr>\n<tr style=\"height: 21px;\">\n<td style=\"width: 50%; height: 21px;\">\u0110\u1ed9 d\u00e0y:<\/td>\n<td style=\"width: 50%; height: 21px;\">0.18 &#8211; 0.3mm<\/td>\n<\/tr>\n<tr style=\"height: 21px;\">\n<td style=\"width: 50%; height: 21px;\">Lo\u1ea1i:<\/td>\n<td style=\"width: 50%; height: 21px;\">Ch\u00ednh ph\u1ea9m, Lo\u1ea1i 2<\/td>\n<\/tr>\n<tr style=\"height: 21px;\">\n<td style=\"width: 50%; height: 21px;\">Ti\u00eau chu\u1ea9n:<\/td>\n<td style=\"width: 50%; height: 21px;\">JIS, ASTM, GB&#8230;<\/td>\n<\/tr>\n<\/tbody>\n<\/table>\n","protected":false},"excerpt":{"rendered":"<p>\u1ee8ng d\u1ee5ng:<\/p>\n<p><strong>\u00a0\u2022<\/strong> M\u00e1y bi\u1ebfn \u00e1p truy\u1ec1n t\u1ea3i<\/p>\n<p><strong>\u00a0\u2022<\/strong> M\u00e1y bi\u1ebfn \u00e1p ph\u00e2n ph\u1ed1i<\/p>\n<p><strong>\u00a0\u2022<\/strong> M\u00e1y bi\u1ebfn d\u00f2ng<\/p>\n","protected":false},"featured_media":940,"comment_status":"open","ping_status":"closed","template":"","meta":{"inline_featured_image":false},"product_cat":[94],"product_tag":[],"class_list":{"0":"post-879","1":"product","2":"type-product","3":"status-publish","4":"has-post-thumbnail","6":"product_cat-thep-cuon-thep-tam","8":"first","9":"instock","10":"shipping-taxable","11":"product-type-simple"},"_links":{"self":[{"href":"https:\/\/metapro.com.vn\/index.php?rest_route=\/wp\/v2\/product\/879","targetHints":{"allow":["GET"]}}],"collection":[{"href":"https:\/\/metapro.com.vn\/index.php?rest_route=\/wp\/v2\/product"}],"about":[{"href":"https:\/\/metapro.com.vn\/index.php?rest_route=\/wp\/v2\/types\/product"}],"replies":[{"embeddable":true,"href":"https:\/\/metapro.com.vn\/index.php?rest_route=%2Fwp%2Fv2%2Fcomments&post=879"}],"wp:featuredmedia":[{"embeddable":true,"href":"https:\/\/metapro.com.vn\/index.php?rest_route=\/wp\/v2\/media\/940"}],"wp:attachment":[{"href":"https:\/\/metapro.com.vn\/index.php?rest_route=%2Fwp%2Fv2%2Fmedia&parent=879"}],"wp:term":[{"taxonomy":"product_cat","embeddable":true,"href":"https:\/\/metapro.com.vn\/index.php?rest_route=%2Fwp%2Fv2%2Fproduct_cat&post=879"},{"taxonomy":"product_tag","embeddable":true,"href":"https:\/\/metapro.com.vn\/index.php?rest_route=%2Fwp%2Fv2%2Fproduct_tag&post=879"}],"curies":[{"name":"wp","href":"https:\/\/api.w.org\/{rel}","templated":true}]}}